{"id":34,"date":"2023-12-18T07:53:01","date_gmt":"2023-12-18T06:53:01","guid":{"rendered":"https:\/\/www.fredeor.com\/wordpress\/?page_id=34"},"modified":"2024-01-11T21:04:28","modified_gmt":"2024-01-11T20:04:28","slug":"fredeor","status":"publish","type":"page","link":"https:\/\/www.fredeor.com\/wordpress\/","title":{"rendered":"FREDEOR"},"content":{"rendered":"<p><a href=\"https:\/\/www.facebook.com\/profile.php?id=100090573944479\">Acc\u00e8s Facebook Fredeor cr\u00e9ations<\/a><br \/>\n<a href=\"https:\/\/www.instagram.com\/fredeorcreations?igsh=MW0zZWs5N3hiZGdkcg%3D%3D&#038;utm_source=qr\">Acc\u00e8s Instagram @fredeorcreations<\/a><br \/>\n<a href=\"http:\/\/www.fredeor.com\/Coppermine\/\">Gallerie photos<\/a><br \/>\n<a href=\"http:\/\/www.fredeor.com\/WIKI\/\">Intranet Priv\u00e9<\/a><br \/>\n<a href=\"http:\/\/www.fredeor.com\/WIKI\/doku.php?id=archives:archives\">Acces famille<\/a><\/p>\n\n\n<figure class=\"wp-block-image size-full\"><a href=\"https:\/\/www.fredeor.com\/wordpress\/wp-content\/uploads\/2024\/01\/54FF67AA-BA37-44E3-B937-F7B4358EC339.png\"><img loading=\"lazy\" decoding=\"async\" width=\"500\" height=\"500\" src=\"https:\/\/www.fredeor.com\/wordpress\/wp-content\/uploads\/2024\/01\/54FF67AA-BA37-44E3-B937-F7B4358EC339.png\" alt=\"\" class=\"wp-image-48\" srcset=\"https:\/\/www.fredeor.com\/wordpress\/wp-content\/uploads\/2024\/01\/54FF67AA-BA37-44E3-B937-F7B4358EC339.png 500w, https:\/\/www.fredeor.com\/wordpress\/wp-content\/uploads\/2024\/01\/54FF67AA-BA37-44E3-B937-F7B4358EC339-300x300.png 300w, https:\/\/www.fredeor.com\/wordpress\/wp-content\/uploads\/2024\/01\/54FF67AA-BA37-44E3-B937-F7B4358EC339-150x150.png 150w\" sizes=\"(max-width: 500px) 100vw, 500px\" \/><\/a><\/figure>\n","protected":false},"excerpt":{"rendered":"<p>Acc\u00e8s Facebook Fredeor cr\u00e9ations Acc\u00e8s Instagram @fredeorcreations Gallerie photos Intranet Priv\u00e9 Acces famille<\/p>\n","protected":false},"author":2,"featured_media":0,"parent":0,"menu_order":0,"comment_status":"closed","ping_status":"closed","template":"","meta":{"footnotes":""},"_links":{"self":[{"href":"https:\/\/www.fredeor.com\/wordpress\/wp-json\/wp\/v2\/pages\/34"}],"collection":[{"href":"https:\/\/www.fredeor.com\/wordpress\/wp-json\/wp\/v2\/pages"}],"about":[{"href":"https:\/\/www.fredeor.com\/wordpress\/wp-json\/wp\/v2\/types\/page"}],"author":[{"embeddable":true,"href":"https:\/\/www.fredeor.com\/wordpress\/wp-json\/wp\/v2\/users\/2"}],"replies":[{"embeddable":true,"href":"https:\/\/www.fredeor.com\/wordpress\/wp-json\/wp\/v2\/comments?post=34"}],"version-history":[{"count":4,"href":"https:\/\/www.fredeor.com\/wordpress\/wp-json\/wp\/v2\/pages\/34\/revisions"}],"predecessor-version":[{"id":65,"href":"https:\/\/www.fredeor.com\/wordpress\/wp-json\/wp\/v2\/pages\/34\/revisions\/65"}],"wp:attachment":[{"href":"https:\/\/www.fredeor.com\/wordpress\/wp-json\/wp\/v2\/media?parent=34"}],"curies":[{"name":"wp","href":"https:\/\/api.w.org\/{rel}","templated":true}]}}